{"id":8557,"date":"2025-04-21T16:47:51","date_gmt":"2025-04-21T14:47:51","guid":{"rendered":"https:\/\/cuadratic.es\/temporal\/e_sandravega\/?page_id=8557"},"modified":"2025-06-27T15:02:29","modified_gmt":"2025-06-27T13:02:29","slug":"flamenco-adultos","status":"publish","type":"page","link":"https:\/\/www.sandravega.es\/?page_id=8557","title":{"rendered":"Flamenco adultos"},"content":{"rendered":"<div class=\"wpb-content-wrapper\"><p>[vc_section][vc_row][vc_column]<div class=\"mkdf-section-title-holder   mkdf-st-reverse-order\" style=\"text-align: center\">\n\t<div class=\"mkdf-st-inner\">\n                                    <span class=\"mkdf-st-text\" >\n                Flamenco adult@s                <\/span>\n                                \t<\/div>\n<\/div>[vc_empty_space height=\u00bb50px\u00bb][\/vc_column][\/vc_row][\/vc_section][vc_section][vc_row][vc_column]<div class=\"mkdf-tabs  mkdf-tabs-standard\">\n\t<ul class=\"mkdf-tabs-nav clearfix\">\n\t\t\t\t\t<li>\n\t\t\t\t\t\t\t\t\t<a href=\"#tab-informacion\">Informaci\u00f3n<\/a>\n\t\t\t\t\t\t\t<\/li>\n\t\t\t\t\t<li>\n\t\t\t\t\t\t\t\t\t<a href=\"#tab-precios\">Precios<\/a>\n\t\t\t\t\t\t\t<\/li>\n\t\t\t\t\t<li>\n\t\t\t\t\t\t\t\t\t<a href=\"#tab-horarios\">Horarios<\/a>\n\t\t\t\t\t\t\t<\/li>\n\t\t\t<\/ul>\n\t<div class=\"mkdf-tab-container\" id=\"tab-informacion-407\">[vc_column_text css=\u00bb\u00bb]<\/p>\n<div class=\"vc_row wpb_row vc_inner vc_row-fluid\">\n<div class=\"wpb_column vc_column_container vc_col-sm-6\">\n<div class=\"vc_column-inner\">\n<div class=\"wpb_wrapper\">\n<div class=\"wpb_video_widget wpb_content_element vc_clearfix vc_video-aspect-ratio-169 vc_video-el-width-100 vc_video-align-left\">\n<div class=\"wpb_wrapper\">\n<div class=\"wpb_video_wrapper\">\n<div class=\"fluidvids\"><iframe loading=\"lazy\" class=\"fluidvids-item\" title=\"Flamenco\" src=\"https:\/\/www.youtube.com\/embed\/aSD38jFxgsk?feature=oembed\" width=\"500\" height=\"281\" frameborder=\"0\" allowfullscreen=\"allowfullscreen\" data-fluidvids=\"loaded\" data-mce-fragment=\"1\"><\/iframe><\/div>\n<\/div>\n<\/div>\n<\/div>\n<\/div>\n<\/div>\n<\/div>\n<div class=\"wpb_column vc_column_container vc_col-sm-6\">\n<div class=\"vc_column-inner\">\n<div class=\"wpb_wrapper\"><\/div>\n<\/div>\n<\/div>\n<\/div>\n<div class=\"vc_empty_space\"><\/div>\n<div class=\"wpb_text_column wpb_content_element\">\n<div class=\"wpb_wrapper\">\n<div class=\"flex flex-grow flex-col gap-3\">\n<div class=\"min-h-&#091;20px&#093; flex flex-col items-start gap-4 whitespace-pre-wrap\">\n<div class=\"markdown prose w-full break-words dark:prose-invert light\">\n<p>&nbsp;<\/p>\n<p>&nbsp;<\/p>\n<p>Si est\u00e1s buscando clases de flamenco para adultos en Legan\u00e9s, Madrid, \u00a1has llegado al lugar adecuado! Nuestra academia de baile ofrece una amplia variedad de clases de flamenco para adultos de todos los niveles, desde principiantes hasta avanzados.<\/p>\n<\/div>\n<\/div>\n<\/div>\n<\/div>\n<\/div>\n<p>En nuestras clases de flamenco, aprender\u00e1s las t\u00e9cnicas y movimientos b\u00e1sicos del baile flamenco, as\u00ed como tambi\u00e9n coreograf\u00edas completas y rutinas de baile. Nuestros profesores altamente capacitados te guiar\u00e1n en cada paso del camino, asegur\u00e1ndose de que alcances tu m\u00e1ximo potencial.<\/p>\n<p>Nuestras clases de flamenco para adultos en Legan\u00e9s, Madrid, est\u00e1n dise\u00f1adas para ser divertidas, emocionantes y desafiantes. Nos aseguramos de que cada estudiante reciba una atenci\u00f3n personalizada y una experiencia de aprendizaje \u00fanica.<\/p>\n<h5><strong>BENEFICIOS DE BAILAR FLAMENCO:\u00a0<\/strong><\/h5>\n<ol>\n<li>Mejora la condici\u00f3n f\u00edsica: El baile flamenco es una actividad f\u00edsica intensa que involucra movimientos de todo el cuerpo, lo que ayuda a mejorar la resistencia, la flexibilidad y la fuerza muscular.<\/li>\n<li>Reduce el estr\u00e9s: El flamenco es una forma de expresi\u00f3n art\u00edstica que permite liberar emociones y sentimientos a trav\u00e9s del baile. Al bailar flamenco, se reduce el estr\u00e9s y se mejora el bienestar emocional.<\/li>\n<li>Aumenta la confianza y la autoestima: El flamenco es una forma de arte que requiere confianza y seguridad en uno mismo. Al aprender y dominar los movimientos, se aumenta la confianza y la autoestima.<\/li>\n<li>Favorece la coordinaci\u00f3n y el equilibrio: El baile flamenco requiere coordinaci\u00f3n y equilibrio en los movimientos, lo que ayuda a mejorar estas habilidades.<\/li>\n<li>Estimula la creatividad: El flamenco es una forma de arte que permite la improvisaci\u00f3n y la creaci\u00f3n de movimientos propios, lo que estimula la creatividad y la imaginaci\u00f3n.<\/li>\n<li>Fortalece la memoria: Al aprender y practicar coreograf\u00edas de flamenco, se fortalece la memoria y la capacidad de retener informaci\u00f3n.<\/li>\n<\/ol>\n<p>&nbsp;<\/p>\n<p>\u00a1No esperes m\u00e1s para comenzar tu viaje en el mundo del flamenco! Cont\u00e1ctanos hoy mismo para obtener m\u00e1s informaci\u00f3n sobre nuestras clases de flamenco para adultos en Legan\u00e9s, Madrid, y para reservar tu lugar en una de nuestras clases. \u00a1Te esperamos en nuestra academia de baile![\/vc_column_text]<\/div><div class=\"mkdf-tab-container\" id=\"tab-precios-769\">[vc_column_text css=\u00bb\u00bb]<img loading=\"lazy\" decoding=\"async\" class=\"aligncenter wp-image-9107 size-full\" src=\"https:\/\/www.sandravega.es\/wp-content\/uploads\/2025\/06\/todos-los-precios-adultos-scaled.jpg\" alt=\"\" width=\"632\" height=\"2560\" srcset=\"https:\/\/www.sandravega.es\/wp-content\/uploads\/2025\/06\/todos-los-precios-adultos-scaled.jpg 632w, https:\/\/www.sandravega.es\/wp-content\/uploads\/2025\/06\/todos-los-precios-adultos-74x300.jpg 74w, https:\/\/www.sandravega.es\/wp-content\/uploads\/2025\/06\/todos-los-precios-adultos-253x1024.jpg 253w, https:\/\/www.sandravega.es\/wp-content\/uploads\/2025\/06\/todos-los-precios-adultos-379x1536.jpg 379w\" sizes=\"auto, (max-width: 632px) 100vw, 632px\" \/>[\/vc_column_text]<\/div><div class=\"mkdf-tab-container\" id=\"tab-horarios-293\">[vc_column_text css=\u00bb\u00bb]<img loading=\"lazy\" decoding=\"async\" class=\"aligncenter wp-image-9104 size-full\" src=\"https:\/\/www.sandravega.es\/wp-content\/uploads\/2025\/06\/todos-los-horarios-adultos-scaled.jpg\" alt=\"\" width=\"631\" height=\"2560\" srcset=\"https:\/\/www.sandravega.es\/wp-content\/uploads\/2025\/06\/todos-los-horarios-adultos-scaled.jpg 631w, https:\/\/www.sandravega.es\/wp-content\/uploads\/2025\/06\/todos-los-horarios-adultos-74x300.jpg 74w, https:\/\/www.sandravega.es\/wp-content\/uploads\/2025\/06\/todos-los-horarios-adultos-768x3115.jpg 768w, https:\/\/www.sandravega.es\/wp-content\/uploads\/2025\/06\/todos-los-horarios-adultos-505x2048.jpg 505w\" sizes=\"auto, (max-width: 631px) 100vw, 631px\" \/>[\/vc_column_text]<\/div><\/div>[vc_empty_space height=\u00bb50px\u00bb]<a itemprop=\"url\" href=\"https:\/\/forms.gle\/HEJTNXCPsYjeWwRM6\" target=\"_blank\"  class=\"mkdf-btn mkdf-btn-medium mkdf-btn-solid\"  >\n    <span class=\"mkdf-btn-text\">MATRICULATE<\/span>\n\t<\/a>[\/vc_column][\/vc_row][\/vc_section]<\/p>\n<\/div>","protected":false},"excerpt":{"rendered":"<p>[vc_section][vc_row][vc_column][vc_empty_space height=\u00bb50px\u00bb][\/vc_column][\/vc_row][\/vc_section][vc_section][vc_row][vc_column][vc_empty_space height=\u00bb50px\u00bb][\/vc_column][\/vc_row][\/vc_section]<\/p>\n","protected":false},"author":1,"featured_media":0,"parent":0,"menu_order":0,"comment_status":"closed","ping_status":"closed","template":"","meta":{"footnotes":""},"class_list":["post-8557","page","type-page","status-publish","hentry"],"_links":{"self":[{"href":"https:\/\/www.sandravega.es\/index.php?rest_route=\/wp\/v2\/pages\/8557","targetHints":{"allow":["GET"]}}],"collection":[{"href":"https:\/\/www.sandravega.es\/index.php?rest_route=\/wp\/v2\/pages"}],"about":[{"href":"https:\/\/www.sandravega.es\/index.php?rest_route=\/wp\/v2\/types\/page"}],"author":[{"embeddable":true,"href":"https:\/\/www.sandravega.es\/index.php?rest_route=\/wp\/v2\/users\/1"}],"replies":[{"embeddable":true,"href":"https:\/\/www.sandravega.es\/index.php?rest_route=%2Fwp%2Fv2%2Fcomments&post=8557"}],"version-history":[{"count":40,"href":"https:\/\/www.sandravega.es\/index.php?rest_route=\/wp\/v2\/pages\/8557\/revisions"}],"predecessor-version":[{"id":9108,"href":"https:\/\/www.sandravega.es\/index.php?rest_route=\/wp\/v2\/pages\/8557\/revisions\/9108"}],"wp:attachment":[{"href":"https:\/\/www.sandravega.es\/index.php?rest_route=%2Fwp%2Fv2%2Fmedia&parent=8557"}],"curies":[{"name":"wp","href":"https:\/\/api.w.org\/{rel}","templated":true}]}}