{"id":8702,"date":"2025-04-21T18:44:00","date_gmt":"2025-04-21T16:44:00","guid":{"rendered":"https:\/\/cuadratic.es\/temporal\/e_sandravega\/?page_id=8702"},"modified":"2025-06-27T15:11:55","modified_gmt":"2025-06-27T13:11:55","slug":"bachata","status":"publish","type":"page","link":"https:\/\/www.sandravega.es\/?page_id=8702","title":{"rendered":"Bachata"},"content":{"rendered":"<div class=\"wpb-content-wrapper\"><p>[vc_section][vc_row][vc_column]<div class=\"mkdf-section-title-holder   mkdf-st-reverse-order\" style=\"text-align: center\">\n\t<div class=\"mkdf-st-inner\">\n                                    <span class=\"mkdf-st-text\" >\n                Bachata                <\/span>\n                                \t<\/div>\n<\/div>[vc_empty_space height=\u00bb50px\u00bb][\/vc_column][\/vc_row][\/vc_section][vc_section][vc_row][vc_column]<div class=\"mkdf-tabs  mkdf-tabs-standard\">\n\t<ul class=\"mkdf-tabs-nav clearfix\">\n\t\t\t\t\t<li>\n\t\t\t\t\t\t\t\t\t<a href=\"#tab-informacion\">Informaci\u00f3n<\/a>\n\t\t\t\t\t\t\t<\/li>\n\t\t\t\t\t<li>\n\t\t\t\t\t\t\t\t\t<a href=\"#tab-precios\">Precios<\/a>\n\t\t\t\t\t\t\t<\/li>\n\t\t\t\t\t<li>\n\t\t\t\t\t\t\t\t\t<a href=\"#tab-horarios\">Horarios<\/a>\n\t\t\t\t\t\t\t<\/li>\n\t\t\t<\/ul>\n\t<div class=\"mkdf-tab-container\" id=\"tab-informacion-176\">[vc_column_text css=\u00bb\u00bb]<\/p>\n<div class=\"vc_row wpb_row vc_inner vc_row-fluid\">\n<div class=\"wpb_column vc_column_container vc_col-sm-6\">\n<div class=\"vc_column-inner\">\n<div class=\"wpb_wrapper\">\n<div class=\"wpb_video_widget wpb_content_element vc_clearfix vc_video-aspect-ratio-169 vc_video-el-width-100 vc_video-align-left\">\n<div class=\"wpb_wrapper\">\n<div class=\"wpb_video_wrapper\">\n<div class=\"fluidvids\"><iframe loading=\"lazy\" class=\"fluidvids-item\" title=\"BACHATA\" src=\"https:\/\/www.youtube.com\/embed\/Uz9nZP17ikI?feature=oembed\" width=\"500\" height=\"281\" frameborder=\"0\" allowfullscreen=\"allowfullscreen\" data-fluidvids=\"loaded\" data-mce-fragment=\"1\"><\/iframe><\/div>\n<\/div>\n<\/div>\n<\/div>\n<\/div>\n<\/div>\n<\/div>\n<div class=\"wpb_column vc_column_container vc_col-sm-6\">\n<div class=\"vc_column-inner\">\n<div class=\"wpb_wrapper\">\n<div class=\"wpb_video_widget wpb_content_element vc_clearfix vc_video-aspect-ratio-169 vc_video-el-width-100 vc_video-align-left\">\n<div class=\"wpb_wrapper\">\n<div class=\"wpb_video_wrapper\">\n<div class=\"fluidvids\"><iframe loading=\"lazy\" class=\"fluidvids-item\" title=\"BACHATA\" src=\"https:\/\/www.youtube.com\/embed\/Vkep8vgvG8U?feature=oembed\" width=\"500\" height=\"281\" frameborder=\"0\" allowfullscreen=\"allowfullscreen\" data-fluidvids=\"loaded\" data-mce-fragment=\"1\"><\/iframe><\/div>\n<\/div>\n<\/div>\n<\/div>\n<\/div>\n<\/div>\n<\/div>\n<\/div>\n<div class=\"wpb_text_column wpb_content_element\">\n<div class=\"wpb_wrapper\">\n<p>&nbsp;<\/p>\n<p>&nbsp;<\/p>\n<p>En nuestras clases de bachata, un g\u00e9nero musical y de baile originario de la Rep\u00fablica Dominicana que se ha vuelto muy popular en todo el mundo. El\u00a0objetivo es ofrecer clases de alta calidad para todos los niveles, desde principiantes hasta avanzados, y ayudar a nuestros estudiantes a desarrollar sus habilidades y disfrutar del baile.<\/p>\n<p>En nuestra escuela, contamos con un equipo de profesores expertos en bachata, que tienen una amplia experiencia en la ense\u00f1anza de este g\u00e9nero. Nuestras clases se adaptan a las necesidades de cada estudiante y se enfocan en el desarrollo de la t\u00e9cnica, la musicalidad y la creatividad.<\/p>\n<p>Adem\u00e1s, ofrecemos una amplia variedad de clases para que nuestros estudiantes puedan explorar diferentes estilos y t\u00e9cnicas de bachata. Algunos de nuestros cursos incluyen bachata sensual, bachata dominicana, bachata fusi\u00f3n, entre otros.<\/p>\n<p>En nuestra p\u00e1gina web, encontrar\u00e1s toda la informaci\u00f3n sobre nuestros cursos, horarios, precios y promociones.<\/p>\n<h5><strong>BENEFICIOS DE BAILAR BACHATA<\/strong><\/h5>\n<ol>\n<li>Mejora la coordinaci\u00f3n: La bachata es un baile que requiere movimientos coordinados de todo el cuerpo, lo que ayuda a mejorar la coordinaci\u00f3n y la precisi\u00f3n en los movimientos.<\/li>\n<li>Fortalece los m\u00fasculos: Bailar bachata es una actividad f\u00edsica que involucra todo el cuerpo, lo que ayuda a fortalecer los m\u00fasculos y mejorar la resistencia f\u00edsica.<\/li>\n<li>Reduce el estr\u00e9s: El baile es una actividad que ayuda a reducir el estr\u00e9s y la ansiedad, ya que libera endorfinas en el cuerpo, lo que produce una sensaci\u00f3n de bienestar y relajaci\u00f3n.<\/li>\n<li>Mejora la postura: La bachata requiere mantener una buena postura y alinear el cuerpo correctamente, lo que ayuda a mejorar la postura y reducir el riesgo de dolores de espalda y lesiones.<\/li>\n<li>Estimula la creatividad: La bachata es un baile que permite la improvisaci\u00f3n y la creatividad, lo que estimula el cerebro y mejora la capacidad de pensar de forma creativa.<\/li>\n<\/ol>\n<p>Si est\u00e1s buscando una escuela de bachata en Legan\u00e9s, \u00a1no dudes en contactarnos! Estamos seguros de que podr\u00e1s encontrar la clase perfecta para ti y disfrutar de la magia de la bachata.<\/p>\n<\/div>\n<\/div>\n<p>[\/vc_column_text]<\/div><div class=\"mkdf-tab-container\" id=\"tab-precios-999\">[vc_column_text css=\u00bb\u00bb]<img loading=\"lazy\" decoding=\"async\" class=\"aligncenter wp-image-9107 size-full\" src=\"https:\/\/www.sandravega.es\/wp-content\/uploads\/2025\/06\/todos-los-precios-adultos-scaled.jpg\" alt=\"\" width=\"632\" height=\"2560\" srcset=\"https:\/\/www.sandravega.es\/wp-content\/uploads\/2025\/06\/todos-los-precios-adultos-scaled.jpg 632w, https:\/\/www.sandravega.es\/wp-content\/uploads\/2025\/06\/todos-los-precios-adultos-74x300.jpg 74w, https:\/\/www.sandravega.es\/wp-content\/uploads\/2025\/06\/todos-los-precios-adultos-253x1024.jpg 253w, https:\/\/www.sandravega.es\/wp-content\/uploads\/2025\/06\/todos-los-precios-adultos-379x1536.jpg 379w\" sizes=\"auto, (max-width: 632px) 100vw, 632px\" \/>[\/vc_column_text]<\/div><div class=\"mkdf-tab-container\" id=\"tab-horarios-594\">[vc_column_text css=\u00bb\u00bb]<img loading=\"lazy\" decoding=\"async\" class=\"aligncenter wp-image-9104 size-full\" src=\"https:\/\/www.sandravega.es\/wp-content\/uploads\/2025\/06\/todos-los-horarios-adultos-scaled.jpg\" alt=\"\" width=\"631\" height=\"2560\" srcset=\"https:\/\/www.sandravega.es\/wp-content\/uploads\/2025\/06\/todos-los-horarios-adultos-scaled.jpg 631w, https:\/\/www.sandravega.es\/wp-content\/uploads\/2025\/06\/todos-los-horarios-adultos-74x300.jpg 74w, https:\/\/www.sandravega.es\/wp-content\/uploads\/2025\/06\/todos-los-horarios-adultos-768x3115.jpg 768w, https:\/\/www.sandravega.es\/wp-content\/uploads\/2025\/06\/todos-los-horarios-adultos-505x2048.jpg 505w\" sizes=\"auto, (max-width: 631px) 100vw, 631px\" \/>[\/vc_column_text]<\/div><\/div>[vc_empty_space height=\u00bb50px\u00bb]<a itemprop=\"url\" href=\"https:\/\/forms.gle\/HEJTNXCPsYjeWwRM6\" target=\"_blank\"  class=\"mkdf-btn mkdf-btn-medium mkdf-btn-solid\"  >\n    <span class=\"mkdf-btn-text\">MATRICULATE<\/span>\n\t<\/a>[\/vc_column][\/vc_row][\/vc_section]<\/p>\n<\/div>","protected":false},"excerpt":{"rendered":"<p>[vc_section][vc_row][vc_column][vc_empty_space height=\u00bb50px\u00bb][\/vc_column][\/vc_row][\/vc_section][vc_section][vc_row][vc_column][vc_empty_space height=\u00bb50px\u00bb][\/vc_column][\/vc_row][\/vc_section]<\/p>\n","protected":false},"author":1,"featured_media":0,"parent":0,"menu_order":0,"comment_status":"closed","ping_status":"closed","template":"","meta":{"footnotes":""},"class_list":["post-8702","page","type-page","status-publish","hentry"],"_links":{"self":[{"href":"https:\/\/www.sandravega.es\/index.php?rest_route=\/wp\/v2\/pages\/8702","targetHints":{"allow":["GET"]}}],"collection":[{"href":"https:\/\/www.sandravega.es\/index.php?rest_route=\/wp\/v2\/pages"}],"about":[{"href":"https:\/\/www.sandravega.es\/index.php?rest_route=\/wp\/v2\/types\/page"}],"author":[{"embeddable":true,"href":"https:\/\/www.sandravega.es\/index.php?rest_route=\/wp\/v2\/users\/1"}],"replies":[{"embeddable":true,"href":"https:\/\/www.sandravega.es\/index.php?rest_route=%2Fwp%2Fv2%2Fcomments&post=8702"}],"version-history":[{"count":13,"href":"https:\/\/www.sandravega.es\/index.php?rest_route=\/wp\/v2\/pages\/8702\/revisions"}],"predecessor-version":[{"id":9113,"href":"https:\/\/www.sandravega.es\/index.php?rest_route=\/wp\/v2\/pages\/8702\/revisions\/9113"}],"wp:attachment":[{"href":"https:\/\/www.sandravega.es\/index.php?rest_route=%2Fwp%2Fv2%2Fmedia&parent=8702"}],"curies":[{"name":"wp","href":"https:\/\/api.w.org\/{rel}","templated":true}]}}