{"id":8713,"date":"2025-04-22T11:33:03","date_gmt":"2025-04-22T09:33:03","guid":{"rendered":"https:\/\/cuadratic.es\/temporal\/e_sandravega\/?page_id=8713"},"modified":"2025-06-27T15:15:54","modified_gmt":"2025-06-27T13:15:54","slug":"salsa-cubana","status":"publish","type":"page","link":"https:\/\/www.sandravega.es\/?page_id=8713","title":{"rendered":"Salsa cubana"},"content":{"rendered":"<div class=\"wpb-content-wrapper\"><p>[vc_section][vc_row][vc_column]<div class=\"mkdf-section-title-holder   mkdf-st-reverse-order\" style=\"text-align: center\">\n\t<div class=\"mkdf-st-inner\">\n                                    <span class=\"mkdf-st-text\" >\n                Salsa cubana                <\/span>\n                                \t<\/div>\n<\/div>[vc_empty_space height=\u00bb50px\u00bb][\/vc_column][\/vc_row][\/vc_section][vc_section][vc_row][vc_column]<div class=\"mkdf-tabs  mkdf-tabs-standard\">\n\t<ul class=\"mkdf-tabs-nav clearfix\">\n\t\t\t\t\t<li>\n\t\t\t\t\t\t\t\t\t<a href=\"#tab-informacion\">Informaci\u00f3n<\/a>\n\t\t\t\t\t\t\t<\/li>\n\t\t\t\t\t<li>\n\t\t\t\t\t\t\t\t\t<a href=\"#tab-precios\">Precios<\/a>\n\t\t\t\t\t\t\t<\/li>\n\t\t\t\t\t<li>\n\t\t\t\t\t\t\t\t\t<a href=\"#tab-horarios\">Horarios<\/a>\n\t\t\t\t\t\t\t<\/li>\n\t\t\t<\/ul>\n\t<div class=\"mkdf-tab-container\" id=\"tab-informacion-647\">[vc_column_text css=\u00bb\u00bb]<\/p>\n<div class=\"vc_row wpb_row vc_inner vc_row-fluid\">\n<div class=\"wpb_column vc_column_container vc_col-sm-6\">\n<div class=\"vc_column-inner\">\n<div class=\"wpb_wrapper\">\n<div class=\"wpb_video_widget wpb_content_element vc_clearfix vc_video-aspect-ratio-169 vc_video-el-width-100 vc_video-align-left\">\n<div class=\"wpb_wrapper\">\n<div class=\"wpb_video_wrapper\">\n<div class=\"fluidvids\"><iframe loading=\"lazy\" class=\"fluidvids-item\" title=\"Salsa Cubana\" src=\"https:\/\/www.youtube.com\/embed\/qCtResg6OJg?feature=oembed\" width=\"500\" height=\"281\" frameborder=\"0\" allowfullscreen=\"allowfullscreen\" data-fluidvids=\"loaded\" data-mce-fragment=\"1\"><\/iframe><\/div>\n<\/div>\n<\/div>\n<\/div>\n<\/div>\n<\/div>\n<\/div>\n<div class=\"wpb_column vc_column_container vc_col-sm-6\">\n<div class=\"vc_column-inner\">\n<div class=\"wpb_wrapper\">\n<div class=\"wpb_video_widget wpb_content_element vc_clearfix vc_video-aspect-ratio-169 vc_video-el-width-100 vc_video-align-left\">\n<div class=\"wpb_wrapper\">\n<div class=\"wpb_video_wrapper\">\n<div class=\"fluidvids\"><iframe loading=\"lazy\" class=\"fluidvids-item\" title=\"Salsa cubana\" src=\"https:\/\/www.youtube.com\/embed\/x4ztTMe6HjA?feature=oembed\" width=\"500\" height=\"281\" frameborder=\"0\" allowfullscreen=\"allowfullscreen\" data-fluidvids=\"loaded\" data-mce-fragment=\"1\"><\/iframe><\/div>\n<\/div>\n<\/div>\n<\/div>\n<\/div>\n<\/div>\n<\/div>\n<\/div>\n<div class=\"vc_empty_space\"><\/div>\n<div class=\"wpb_text_column wpb_content_element\">\n<div class=\"wpb_wrapper\">\n<p>&nbsp;<\/p>\n<p>&nbsp;<\/p>\n<p>Ofrecemos clases de salsa cubana de alta calidad. Si est\u00e1s interesado en aprender a bailar salsa cubana, est\u00e1s en el lugar correcto. En esta entrada, te contaremos todo lo que necesitas saber sobre nuestras clases y por qu\u00e9 somos la mejor opci\u00f3n para aprender a bailar este estilo.<\/p>\n<p>Primero, hablemos un poco sobre la salsa cubana. Este estilo de baile es originario de Cuba y es conocido por su energ\u00eda, ritmo y pasi\u00f3n. La salsa cubana se caracteriza por sus movimientos suaves y fluidos, y se baila en pareja. En nuestras clases de salsa cubana, aprender\u00e1s los fundamentos de este baile, incluyendo los pasos b\u00e1sicos, los giros y las figuras m\u00e1s comunes.<\/p>\n<p>Ahora, hablemos sobre nuestra escuela de baile en Legan\u00e9s. En nuestra escuela, nos enorgullece ofrecer una amplia variedad de clases de baile, incluyendo salsa cubana. Nuestros profesores de baile son altamente capacitados y tienen una amplia experiencia en ense\u00f1ar este estilo de baile a estudiantes de todos los niveles, desde principiantes hasta avanzados. En nuestras clases, te garantizamos un ambiente amigable y divertido donde podr\u00e1s aprender a bailar salsa cubana y mejorar tus habilidades.<\/p>\n<h5><strong>BENEFICIOS DE BAILAR SALSA CUBANA:<\/strong><\/h5>\n<ol>\n<li>Mejora la coordinaci\u00f3n y el equilibrio: bailar salsa cubana implica mover todo el cuerpo al ritmo de la m\u00fasica, lo que mejora la coordinaci\u00f3n y el equilibrio. A medida que aprendes nuevos pasos y figuras, tambi\u00e9n est\u00e1s entrenando tu cerebro para coordinar mejor tus movimientos.<\/li>\n<li>Ayuda a quemar calor\u00edas y a mantenerse en forma: bailar salsa cubana es una actividad f\u00edsica completa que te permite quemar calor\u00edas y tonificar los m\u00fasculos de todo el cuerpo. A medida que te mueves al ritmo de la m\u00fasica, est\u00e1s haciendo ejercicio cardiovascular y mejorando tu fuerza muscular.<\/li>\n<li>Alivia el estr\u00e9s y mejora el estado de \u00e1nimo: bailar salsa cubana es una excelente manera de aliviar el estr\u00e9s y mejorar el estado de \u00e1nimo. La m\u00fasica y el movimiento liberan endorfinas, que son sustancias qu\u00edmicas en el cerebro que nos hacen sentir bien y felices.<\/li>\n<li>Fomenta la socializaci\u00f3n y la confianza: al bailar salsa cubana, usualmente se baila en pareja, lo que fomenta la socializaci\u00f3n y la construcci\u00f3n de relaciones interpersonales. Tambi\u00e9n, bailar salsa cubana puede aumentar la confianza en s\u00ed mismo y en los dem\u00e1s, ya que se necesita una gran comunicaci\u00f3n y cooperaci\u00f3n con la pareja de baile.<\/li>\n<li>Estimula el cerebro: aprender y memorizar nuevos pasos y figuras de salsa cubana estimula el cerebro y mejora la memoria y la capacidad de concentraci\u00f3n. Adem\u00e1s, al bailar en pareja, est\u00e1s aprendiendo a leer y responder a las se\u00f1ales de tu pareja de baile, lo que puede mejorar la capacidad de comunicaci\u00f3n y el pensamiento r\u00e1pido.<\/li>\n<\/ol>\n<p>En resumen, nuestra escuela de baile en Legan\u00e9s es la mejor opci\u00f3n para aprender a bailar salsa cubana. Con profesores altamente capacitados e instalaciones de alta calidad, te garantizamos que tendr\u00e1s una experiencia de aprendizaje incre\u00edble. \u00a1Te esperamos en nuestras clases de salsa cubana!<\/p>\n<\/div>\n<\/div>\n<p>[\/vc_column_text]<\/div><div class=\"mkdf-tab-container\" id=\"tab-precios-964\">[vc_column_text css=\u00bb\u00bb]<img loading=\"lazy\" decoding=\"async\" class=\"aligncenter size-full wp-image-9107\" src=\"https:\/\/www.sandravega.es\/wp-content\/uploads\/2025\/06\/todos-los-precios-adultos-scaled.jpg\" alt=\"\" width=\"632\" height=\"2560\" srcset=\"https:\/\/www.sandravega.es\/wp-content\/uploads\/2025\/06\/todos-los-precios-adultos-scaled.jpg 632w, https:\/\/www.sandravega.es\/wp-content\/uploads\/2025\/06\/todos-los-precios-adultos-74x300.jpg 74w, https:\/\/www.sandravega.es\/wp-content\/uploads\/2025\/06\/todos-los-precios-adultos-253x1024.jpg 253w, https:\/\/www.sandravega.es\/wp-content\/uploads\/2025\/06\/todos-los-precios-adultos-379x1536.jpg 379w\" sizes=\"auto, (max-width: 632px) 100vw, 632px\" \/>[\/vc_column_text]<\/div><div class=\"mkdf-tab-container\" id=\"tab-horarios-289\">[vc_column_text css=\u00bb\u00bb]<img loading=\"lazy\" decoding=\"async\" class=\"aligncenter size-full wp-image-9104\" src=\"https:\/\/www.sandravega.es\/wp-content\/uploads\/2025\/06\/todos-los-horarios-adultos-scaled.jpg\" alt=\"\" width=\"631\" height=\"2560\" srcset=\"https:\/\/www.sandravega.es\/wp-content\/uploads\/2025\/06\/todos-los-horarios-adultos-scaled.jpg 631w, https:\/\/www.sandravega.es\/wp-content\/uploads\/2025\/06\/todos-los-horarios-adultos-74x300.jpg 74w, https:\/\/www.sandravega.es\/wp-content\/uploads\/2025\/06\/todos-los-horarios-adultos-768x3115.jpg 768w, https:\/\/www.sandravega.es\/wp-content\/uploads\/2025\/06\/todos-los-horarios-adultos-505x2048.jpg 505w\" sizes=\"auto, (max-width: 631px) 100vw, 631px\" \/>[\/vc_column_text]<\/div><\/div>[vc_empty_space height=\u00bb50px\u00bb]<a itemprop=\"url\" href=\"https:\/\/forms.gle\/HEJTNXCPsYjeWwRM6\" target=\"_blank\"  class=\"mkdf-btn mkdf-btn-medium mkdf-btn-solid\"  >\n    <span class=\"mkdf-btn-text\">MATRICULATE<\/span>\n\t<\/a>[\/vc_column][\/vc_row][\/vc_section]<\/p>\n<\/div>","protected":false},"excerpt":{"rendered":"<p>[vc_section][vc_row][vc_column][vc_empty_space height=\u00bb50px\u00bb][\/vc_column][\/vc_row][\/vc_section][vc_section][vc_row][vc_column][vc_empty_space height=\u00bb50px\u00bb][\/vc_column][\/vc_row][\/vc_section]<\/p>\n","protected":false},"author":1,"featured_media":0,"parent":0,"menu_order":0,"comment_status":"closed","ping_status":"closed","template":"","meta":{"footnotes":""},"class_list":["post-8713","page","type-page","status-publish","hentry"],"_links":{"self":[{"href":"https:\/\/www.sandravega.es\/index.php?rest_route=\/wp\/v2\/pages\/8713","targetHints":{"allow":["GET"]}}],"collection":[{"href":"https:\/\/www.sandravega.es\/index.php?rest_route=\/wp\/v2\/pages"}],"about":[{"href":"https:\/\/www.sandravega.es\/index.php?rest_route=\/wp\/v2\/types\/page"}],"author":[{"embeddable":true,"href":"https:\/\/www.sandravega.es\/index.php?rest_route=\/wp\/v2\/users\/1"}],"replies":[{"embeddable":true,"href":"https:\/\/www.sandravega.es\/index.php?rest_route=%2Fwp%2Fv2%2Fcomments&post=8713"}],"version-history":[{"count":7,"href":"https:\/\/www.sandravega.es\/index.php?rest_route=\/wp\/v2\/pages\/8713\/revisions"}],"predecessor-version":[{"id":9117,"href":"https:\/\/www.sandravega.es\/index.php?rest_route=\/wp\/v2\/pages\/8713\/revisions\/9117"}],"wp:attachment":[{"href":"https:\/\/www.sandravega.es\/index.php?rest_route=%2Fwp%2Fv2%2Fmedia&parent=8713"}],"curies":[{"name":"wp","href":"https:\/\/api.w.org\/{rel}","templated":true}]}}