{"id":8756,"date":"2025-04-22T17:33:18","date_gmt":"2025-04-22T15:33:18","guid":{"rendered":"https:\/\/cuadratic.es\/temporal\/e_sandravega\/?page_id=8756"},"modified":"2025-06-27T15:24:10","modified_gmt":"2025-06-27T13:24:10","slug":"fit-dance","status":"publish","type":"page","link":"https:\/\/www.sandravega.es\/?page_id=8756","title":{"rendered":"Fit Dance"},"content":{"rendered":"<div class=\"wpb-content-wrapper\"><p>[vc_section][vc_row][vc_column]<div class=\"mkdf-section-title-holder   mkdf-st-reverse-order\" style=\"text-align: center\">\n\t<div class=\"mkdf-st-inner\">\n                                    <span class=\"mkdf-st-text\" >\n                Fit Dance                <\/span>\n                                \t<\/div>\n<\/div>[vc_empty_space height=\u00bb50px\u00bb][\/vc_column][\/vc_row][\/vc_section][vc_section][vc_row][vc_column]<div class=\"mkdf-tabs  mkdf-tabs-standard\">\n\t<ul class=\"mkdf-tabs-nav clearfix\">\n\t\t\t\t\t<li>\n\t\t\t\t\t\t\t\t\t<a href=\"#tab-informacion\">Informaci\u00f3n<\/a>\n\t\t\t\t\t\t\t<\/li>\n\t\t\t\t\t<li>\n\t\t\t\t\t\t\t\t\t<a href=\"#tab-precios\">Precios<\/a>\n\t\t\t\t\t\t\t<\/li>\n\t\t\t\t\t<li>\n\t\t\t\t\t\t\t\t\t<a href=\"#tab-horarios\">Horarios<\/a>\n\t\t\t\t\t\t\t<\/li>\n\t\t\t<\/ul>\n\t<div class=\"mkdf-tab-container\" id=\"tab-informacion-187\">[vc_column_text css=\u00bb\u00bb]<\/p>\n<div class=\"vc_row wpb_row vc_inner vc_row-fluid\">\n<div class=\"wpb_column vc_column_container vc_col-sm-6\">\n<div class=\"vc_column-inner\">\n<div class=\"wpb_wrapper\">\n<div class=\"wpb_video_widget wpb_content_element vc_clearfix vc_video-aspect-ratio-169 vc_video-el-width-100 vc_video-align-left\">\n<div class=\"wpb_wrapper\">\n<div class=\"wpb_video_wrapper\">\n<div class=\"fluidvids\"><iframe loading=\"lazy\" class=\"fluidvids-item\" title=\"FIT DANCE\" src=\"https:\/\/www.youtube.com\/embed\/0VxadP-H3mg?feature=oembed\" width=\"500\" height=\"281\" frameborder=\"0\" allowfullscreen=\"allowfullscreen\" data-fluidvids=\"loaded\" data-mce-fragment=\"1\"><\/iframe><\/div>\n<\/div>\n<\/div>\n<\/div>\n<\/div>\n<\/div>\n<\/div>\n<div class=\"wpb_column vc_column_container vc_col-sm-6\">\n<div class=\"vc_column-inner\">\n<div class=\"wpb_wrapper\"><\/div>\n<\/div>\n<\/div>\n<\/div>\n<div class=\"vc_empty_space\"><\/div>\n<div class=\"wpb_text_column wpb_content_element\">\n<div class=\"wpb_wrapper\">\n<p>&nbsp;<\/p>\n<p>&nbsp;<\/p>\n<p>El Fit Dance es una disciplina que combina el ejercicio f\u00edsico con los movimientos de baile. En nuestra escuela ofrecemos clases de Fit Dance para todos.<\/p>\n<p>Entre los beneficios de tomar clases de Fit Dance se incluyen la mejora de la condici\u00f3n f\u00edsica, la coordinaci\u00f3n, la flexibilidad y el equilibrio. Adem\u00e1s, bailar Fit Dance puede ser una actividad divertida y emocionante que ayuda a reducir el estr\u00e9s y la ansiedad.<\/p>\n<p>Nuestras clases est\u00e1n dise\u00f1adas para adaptarse a las necesidades y habilidades de cada alumno\/a, y ofrecemos un ambiente acogedor y amistoso que promueve la confianza y la autoestima.<\/p>\n<p>Contamos con unas instalaciones de primera categor\u00eda, con estudios de baile amplios y luminosos y un ambiente seguro y profesional.<\/p>\n<h5><strong>BENEFICIOS DEL FIT DANCE<\/strong><\/h5>\n<ol>\n<li>Mejora la salud cardiovascular: Es una forma de ejercicio aer\u00f3bico que ayuda a mejorar la salud cardiovascular al aumentar la capacidad pulmonar y \u00e9l ritmo card\u00edaco.<\/li>\n<li>Favorece la p\u00e9rdida de peso: Al ser un ejercicio aer\u00f3bico, ayuda a quemar calor\u00edas y favorece la p\u00e9rdida de peso, especialmente cuando se combina con una dieta saludable.<\/li>\n<li>Mejora la coordinaci\u00f3n y la flexibilidad: Involucra una gran cantidad de movimientos coordinados y precisos que ayudan a mejorar la coordinaci\u00f3n y la flexibilidad del cuerpo.<\/li>\n<li>Reduce el estr\u00e9s y la ansiedad: Al ser una actividad divertida y emocionante, ayuda a reducir el estr\u00e9s y la ansiedad y mejora el estado de \u00e1nimo.<\/li>\n<li>Fortalece los m\u00fasculos y los huesos: Al involucra una gran cantidad de movimientos de baile que ayudan a fortalecer los m\u00fasculos y los huesos, especialmente en las piernas y en el core.<\/li>\n<\/ol>\n<p>Si est\u00e1s interesado\/a en aprender Fit Dance, no dudes en contactarnos. Estaremos encantados de responder a cualquier pregunta que puedas tener y de ayudarte a encontrar la clase que mejor se adapte a tus necesidades y habilidades. \u00a1Te esperamos en las clases de fit dance en Legan\u00e9s!<\/p>\n<\/div>\n<\/div>\n<p>[\/vc_column_text]<\/div><div class=\"mkdf-tab-container\" id=\"tab-precios-312\">[vc_column_text css=\u00bb\u00bb]<img loading=\"lazy\" decoding=\"async\" class=\"aligncenter size-full wp-image-9107\" src=\"https:\/\/www.sandravega.es\/wp-content\/uploads\/2025\/06\/todos-los-precios-adultos-scaled.jpg\" alt=\"\" width=\"632\" height=\"2560\" srcset=\"https:\/\/www.sandravega.es\/wp-content\/uploads\/2025\/06\/todos-los-precios-adultos-scaled.jpg 632w, https:\/\/www.sandravega.es\/wp-content\/uploads\/2025\/06\/todos-los-precios-adultos-74x300.jpg 74w, https:\/\/www.sandravega.es\/wp-content\/uploads\/2025\/06\/todos-los-precios-adultos-253x1024.jpg 253w, https:\/\/www.sandravega.es\/wp-content\/uploads\/2025\/06\/todos-los-precios-adultos-379x1536.jpg 379w\" sizes=\"auto, (max-width: 632px) 100vw, 632px\" \/>[\/vc_column_text]<\/div><div class=\"mkdf-tab-container\" id=\"tab-horarios-869\">[vc_column_text css=\u00bb\u00bb]<img loading=\"lazy\" decoding=\"async\" class=\"aligncenter size-full wp-image-9104\" src=\"https:\/\/www.sandravega.es\/wp-content\/uploads\/2025\/06\/todos-los-horarios-adultos-scaled.jpg\" alt=\"\" width=\"631\" height=\"2560\" srcset=\"https:\/\/www.sandravega.es\/wp-content\/uploads\/2025\/06\/todos-los-horarios-adultos-scaled.jpg 631w, https:\/\/www.sandravega.es\/wp-content\/uploads\/2025\/06\/todos-los-horarios-adultos-74x300.jpg 74w, https:\/\/www.sandravega.es\/wp-content\/uploads\/2025\/06\/todos-los-horarios-adultos-768x3115.jpg 768w, https:\/\/www.sandravega.es\/wp-content\/uploads\/2025\/06\/todos-los-horarios-adultos-505x2048.jpg 505w\" sizes=\"auto, (max-width: 631px) 100vw, 631px\" \/>[\/vc_column_text]<\/div><\/div>[vc_empty_space height=\u00bb50px\u00bb]<a itemprop=\"url\" href=\"https:\/\/forms.gle\/HEJTNXCPsYjeWwRM6\" target=\"_blank\"  class=\"mkdf-btn mkdf-btn-medium mkdf-btn-solid\"  >\n    <span class=\"mkdf-btn-text\">MATRICULATE<\/span>\n\t<\/a>[\/vc_column][\/vc_row][\/vc_section]<\/p>\n<\/div>","protected":false},"excerpt":{"rendered":"<p>[vc_section][vc_row][vc_column][vc_empty_space height=\u00bb50px\u00bb][\/vc_column][\/vc_row][\/vc_section][vc_section][vc_row][vc_column][vc_empty_space height=\u00bb50px\u00bb][\/vc_column][\/vc_row][\/vc_section]<\/p>\n","protected":false},"author":1,"featured_media":0,"parent":0,"menu_order":0,"comment_status":"closed","ping_status":"closed","template":"","meta":{"footnotes":""},"class_list":["post-8756","page","type-page","status-publish","hentry"],"_links":{"self":[{"href":"https:\/\/www.sandravega.es\/index.php?rest_route=\/wp\/v2\/pages\/8756","targetHints":{"allow":["GET"]}}],"collection":[{"href":"https:\/\/www.sandravega.es\/index.php?rest_route=\/wp\/v2\/pages"}],"about":[{"href":"https:\/\/www.sandravega.es\/index.php?rest_route=\/wp\/v2\/types\/page"}],"author":[{"embeddable":true,"href":"https:\/\/www.sandravega.es\/index.php?rest_route=\/wp\/v2\/users\/1"}],"replies":[{"embeddable":true,"href":"https:\/\/www.sandravega.es\/index.php?rest_route=%2Fwp%2Fv2%2Fcomments&post=8756"}],"version-history":[{"count":2,"href":"https:\/\/www.sandravega.es\/index.php?rest_route=\/wp\/v2\/pages\/8756\/revisions"}],"predecessor-version":[{"id":9124,"href":"https:\/\/www.sandravega.es\/index.php?rest_route=\/wp\/v2\/pages\/8756\/revisions\/9124"}],"wp:attachment":[{"href":"https:\/\/www.sandravega.es\/index.php?rest_route=%2Fwp%2Fv2%2Fmedia&parent=8756"}],"curies":[{"name":"wp","href":"https:\/\/api.w.org\/{rel}","templated":true}]}}