{"id":8778,"date":"2025-04-22T17:52:36","date_gmt":"2025-04-22T15:52:36","guid":{"rendered":"https:\/\/cuadratic.es\/temporal\/e_sandravega\/?page_id=8778"},"modified":"2025-06-27T15:28:34","modified_gmt":"2025-06-27T13:28:34","slug":"chiquiritmos","status":"publish","type":"page","link":"https:\/\/www.sandravega.es\/?page_id=8778","title":{"rendered":"Chiquiritmos"},"content":{"rendered":"<div class=\"wpb-content-wrapper\"><p>[vc_section][vc_row][vc_column]<div class=\"mkdf-section-title-holder   mkdf-st-reverse-order\" style=\"text-align: center\">\n\t<div class=\"mkdf-st-inner\">\n                                    <span class=\"mkdf-st-text\" >\n                Chiquiritmos                <\/span>\n                                \t<\/div>\n<\/div>[vc_empty_space height=\u00bb50px\u00bb][\/vc_column][\/vc_row][\/vc_section][vc_section][vc_row][vc_column]<div class=\"mkdf-tabs  mkdf-tabs-standard\">\n\t<ul class=\"mkdf-tabs-nav clearfix\">\n\t\t\t\t\t<li>\n\t\t\t\t\t\t\t\t\t<a href=\"#tab-informacion\">Informaci\u00f3n<\/a>\n\t\t\t\t\t\t\t<\/li>\n\t\t\t\t\t<li>\n\t\t\t\t\t\t\t\t\t<a href=\"#tab-precios\">Precios<\/a>\n\t\t\t\t\t\t\t<\/li>\n\t\t\t\t\t<li>\n\t\t\t\t\t\t\t\t\t<a href=\"#tab-horarios\">Horarios<\/a>\n\t\t\t\t\t\t\t<\/li>\n\t\t\t<\/ul>\n\t<div class=\"mkdf-tab-container\" id=\"tab-informacion-405\">[vc_column_text css=\u00bb\u00bb]<\/p>\n<div class=\"vc_row wpb_row vc_inner vc_row-fluid\">\n<div class=\"wpb_column vc_column_container vc_col-sm-6\">\n<div class=\"vc_column-inner\">\n<div class=\"wpb_wrapper\">\n<div class=\"wpb_video_widget wpb_content_element vc_clearfix vc_video-aspect-ratio-169 vc_video-el-width-100 vc_video-align-left\">\n<div class=\"wpb_wrapper\">\n<div class=\"wpb_video_wrapper\">\n<div class=\"fluidvids\"><iframe loading=\"lazy\" class=\"fluidvids-item\" title=\"CHIQUIRITMOS 2-3 a\u00f1os\" src=\"https:\/\/www.youtube.com\/embed\/VavpwXw_WOQ?feature=oembed\" width=\"500\" height=\"281\" frameborder=\"0\" allowfullscreen=\"allowfullscreen\" data-fluidvids=\"loaded\" data-mce-fragment=\"1\"><\/iframe><\/div>\n<\/div>\n<\/div>\n<\/div>\n<\/div>\n<\/div>\n<\/div>\n<div class=\"wpb_column vc_column_container vc_col-sm-6\">\n<div class=\"vc_column-inner\">\n<div class=\"wpb_wrapper\"><\/div>\n<\/div>\n<\/div>\n<\/div>\n<div class=\"wpb_text_column wpb_content_element\">\n<div class=\"wpb_wrapper\">\n<p>&nbsp;<\/p>\n<p>&nbsp;<\/p>\n<p><strong>Descubre las Divertidas Clases de Chiquiritmos para Ni\u00f1os de 2 y 3 A\u00f1os<\/strong><\/p>\n<p>En nuestro centro, la m\u00fasica y el ritmo son parte fundamental del desarrollo de los m\u00e1s peque\u00f1os. \u00bfTienes un ni\u00f1o de 2 o 3 a\u00f1os? \u00bfQuieres que disfruten de una experiencia enriquecedora mientras se divierten? \u00a1Entonces nuestras clases de Chiquiritmos son perfectas para ellos! En este art\u00edculo, te contaremos todo lo que necesitas saber sobre nuestras clases, que se imparten todos los lunes y mi\u00e9rcoles de 17:30 a 18:30.<\/p>\n<p><strong>Beneficios de las Clases de Chiquiritmos:<\/strong>\u00a0Nuestro programa de Chiquiritmos ha sido dise\u00f1ado pensando en los ni\u00f1os m\u00e1s peque\u00f1os. Aqu\u00ed hay algunas razones por las que estas clases son una excelente opci\u00f3n para tu peque\u00f1o:<\/p>\n<ol>\n<li><strong>Desarrollo Motor:<\/strong>\u00a0Las clases de Chiquiritmos ayudan a los ni\u00f1os a desarrollar sus habilidades motoras, fortaleciendo sus m\u00fasculos y mejorando su coordinaci\u00f3n.<\/li>\n<li><strong>Estimulaci\u00f3n Sensorial:<\/strong>\u00a0La m\u00fasica y los movimientos r\u00edtmicos estimulan los sentidos de los ni\u00f1os, fomentando un mayor desarrollo cognitivo.<\/li>\n<li><strong>Socializaci\u00f3n:<\/strong>\u00a0Los ni\u00f1os interact\u00faan con otros peque\u00f1os de su edad, lo que les ayuda a desarrollar habilidades sociales importantes.<\/li>\n<li><strong>Diversi\u00f3n Garantizada:<\/strong>\u00a0Nuestras clases est\u00e1n llenas de actividades l\u00fadicas y juegos que mantienen a los ni\u00f1os comprometidos y entretenidos de principio a fin.<\/li>\n<\/ol>\n<p><strong>Horario de las Clases:<\/strong>\u00a0Nuestras clases de Chiquiritmos se llevan a cabo todos los lunes y mi\u00e9rcoles de 16:30 a 17:30. Este horario ha sido dise\u00f1ado pensando en la comodidad de los padres y la rutina de los ni\u00f1os, para que puedan disfrutar al m\u00e1ximo de la experiencia.<\/p>\n<p><strong>\u00bfC\u00f3mo Inscribirse?<\/strong>\u00a0Inscribir a tu peque\u00f1o en nuestras clases de Chiquiritmos es muy sencillo. Simplemente dir\u00edgete a la pesta\u00f1a de Matricula 23\/24 y rellena el formulario, donde encontrar\u00e1s toda la informaci\u00f3n necesaria.<\/p>\n<p><strong>Reserva tu Plaza Hoy Mismo:<\/strong>\u00a0Nuestro cupo es limitado, y las clases de Chiquiritmos suelen llenarse r\u00e1pidamente. No pierdas la oportunidad de brindarle a tu hijo una experiencia \u00fanica. Reserva su plaza ahora y descubre c\u00f3mo la m\u00fasica y el ritmo pueden ser una parte fundamental de su desarrollo.<\/p>\n<\/div>\n<\/div>\n<p>[\/vc_column_text]<\/div><div class=\"mkdf-tab-container\" id=\"tab-precios-234\">[vc_column_text css=\u00bb\u00bb]<img loading=\"lazy\" decoding=\"async\" class=\"aligncenter size-large wp-image-9041\" src=\"https:\/\/www.sandravega.es\/wp-content\/uploads\/2025\/06\/precios-kid-2025-26-724x1024.jpg\" alt=\"\" width=\"724\" height=\"1024\" srcset=\"https:\/\/www.sandravega.es\/wp-content\/uploads\/2025\/06\/precios-kid-2025-26-724x1024.jpg 724w, https:\/\/www.sandravega.es\/wp-content\/uploads\/2025\/06\/precios-kid-2025-26-212x300.jpg 212w, https:\/\/www.sandravega.es\/wp-content\/uploads\/2025\/06\/precios-kid-2025-26-768x1086.jpg 768w, https:\/\/www.sandravega.es\/wp-content\/uploads\/2025\/06\/precios-kid-2025-26-1086x1536.jpg 1086w, https:\/\/www.sandravega.es\/wp-content\/uploads\/2025\/06\/precios-kid-2025-26.jpg 1131w\" sizes=\"auto, (max-width: 724px) 100vw, 724px\" \/>[\/vc_column_text]<\/div><div class=\"mkdf-tab-container\" id=\"tab-horarios-1\">[vc_column_text css=\u00bb\u00bb]<img loading=\"lazy\" decoding=\"async\" class=\"aligncenter size-large wp-image-9040\" src=\"https:\/\/www.sandravega.es\/wp-content\/uploads\/2025\/06\/horarios-kids-2025-26-724x1024.jpg\" alt=\"\" width=\"724\" height=\"1024\" srcset=\"https:\/\/www.sandravega.es\/wp-content\/uploads\/2025\/06\/horarios-kids-2025-26-724x1024.jpg 724w, https:\/\/www.sandravega.es\/wp-content\/uploads\/2025\/06\/horarios-kids-2025-26-212x300.jpg 212w, https:\/\/www.sandravega.es\/wp-content\/uploads\/2025\/06\/horarios-kids-2025-26-768x1086.jpg 768w, https:\/\/www.sandravega.es\/wp-content\/uploads\/2025\/06\/horarios-kids-2025-26-1086x1536.jpg 1086w, https:\/\/www.sandravega.es\/wp-content\/uploads\/2025\/06\/horarios-kids-2025-26.jpg 1131w\" sizes=\"auto, (max-width: 724px) 100vw, 724px\" \/>[\/vc_column_text]<\/div><\/div>[vc_empty_space height=\u00bb50px\u00bb]<a itemprop=\"url\" href=\"https:\/\/docs.google.com\/forms\/d\/e\/1FAIpQLScRN9AADp9zK5grpsztnSRAeU0CqlR6bDXB0_Y163Jpm8XlYQ\/viewform\" target=\"_blank\"  class=\"mkdf-btn mkdf-btn-medium mkdf-btn-solid\"  >\n    <span class=\"mkdf-btn-text\">MATRICULATE<\/span>\n\t<\/a>[\/vc_column][\/vc_row][\/vc_section]<\/p>\n<\/div>","protected":false},"excerpt":{"rendered":"<p>[vc_section][vc_row][vc_column][vc_empty_space height=\u00bb50px\u00bb][\/vc_column][\/vc_row][\/vc_section][vc_section][vc_row][vc_column][vc_empty_space height=\u00bb50px\u00bb][\/vc_column][\/vc_row][\/vc_section]<\/p>\n","protected":false},"author":1,"featured_media":0,"parent":0,"menu_order":0,"comment_status":"closed","ping_status":"closed","template":"","meta":{"footnotes":""},"class_list":["post-8778","page","type-page","status-publish","hentry"],"_links":{"self":[{"href":"https:\/\/www.sandravega.es\/index.php?rest_route=\/wp\/v2\/pages\/8778","targetHints":{"allow":["GET"]}}],"collection":[{"href":"https:\/\/www.sandravega.es\/index.php?rest_route=\/wp\/v2\/pages"}],"about":[{"href":"https:\/\/www.sandravega.es\/index.php?rest_route=\/wp\/v2\/types\/page"}],"author":[{"embeddable":true,"href":"https:\/\/www.sandravega.es\/index.php?rest_route=\/wp\/v2\/users\/1"}],"replies":[{"embeddable":true,"href":"https:\/\/www.sandravega.es\/index.php?rest_route=%2Fwp%2Fv2%2Fcomments&post=8778"}],"version-history":[{"count":5,"href":"https:\/\/www.sandravega.es\/index.php?rest_route=\/wp\/v2\/pages\/8778\/revisions"}],"predecessor-version":[{"id":9127,"href":"https:\/\/www.sandravega.es\/index.php?rest_route=\/wp\/v2\/pages\/8778\/revisions\/9127"}],"wp:attachment":[{"href":"https:\/\/www.sandravega.es\/index.php?rest_route=%2Fwp%2Fv2%2Fmedia&parent=8778"}],"curies":[{"name":"wp","href":"https:\/\/api.w.org\/{rel}","templated":true}]}}