{"id":8784,"date":"2025-04-22T17:57:35","date_gmt":"2025-04-22T15:57:35","guid":{"rendered":"https:\/\/cuadratic.es\/temporal\/e_sandravega\/?page_id=8784"},"modified":"2025-06-27T15:30:08","modified_gmt":"2025-06-27T13:30:08","slug":"ballet-ninos","status":"publish","type":"page","link":"https:\/\/www.sandravega.es\/?page_id=8784","title":{"rendered":"Ballet ni\u00f1os"},"content":{"rendered":"<div class=\"wpb-content-wrapper\"><p>[vc_section][vc_row][vc_column]<div class=\"mkdf-section-title-holder   mkdf-st-reverse-order\" style=\"text-align: center\">\n\t<div class=\"mkdf-st-inner\">\n                                    <span class=\"mkdf-st-text\" >\n                Ballet                <\/span>\n                                \t<\/div>\n<\/div>[vc_empty_space height=\u00bb50px\u00bb][\/vc_column][\/vc_row][\/vc_section][vc_section][vc_row][vc_column]<div class=\"mkdf-tabs  mkdf-tabs-standard\">\n\t<ul class=\"mkdf-tabs-nav clearfix\">\n\t\t\t\t\t<li>\n\t\t\t\t\t\t\t\t\t<a href=\"#tab-informacion\">Informaci\u00f3n<\/a>\n\t\t\t\t\t\t\t<\/li>\n\t\t\t\t\t<li>\n\t\t\t\t\t\t\t\t\t<a href=\"#tab-precios\">Precios<\/a>\n\t\t\t\t\t\t\t<\/li>\n\t\t\t\t\t<li>\n\t\t\t\t\t\t\t\t\t<a href=\"#tab-horarios\">Horarios<\/a>\n\t\t\t\t\t\t\t<\/li>\n\t\t\t<\/ul>\n\t<div class=\"mkdf-tab-container\" id=\"tab-informacion-514\">[vc_column_text css=\u00bb\u00bb]<\/p>\n<div class=\"vc_row wpb_row vc_inner vc_row-fluid\">\n<div class=\"wpb_column vc_column_container vc_col-sm-6\">\n<div class=\"vc_column-inner\">\n<div class=\"wpb_wrapper\">\n<div class=\"wpb_video_widget wpb_content_element vc_clearfix vc_video-aspect-ratio-169 vc_video-el-width-100 vc_video-align-left\">\n<div class=\"wpb_wrapper\">\n<div class=\"wpb_video_wrapper\">\n<div class=\"fluidvids\"><iframe loading=\"lazy\" class=\"fluidvids-item\" title=\"Ballet Pre-danza\" src=\"https:\/\/www.youtube.com\/embed\/m0jYosUPSg4?feature=oembed\" width=\"500\" height=\"281\" frameborder=\"0\" allowfullscreen=\"allowfullscreen\" data-fluidvids=\"loaded\" data-mce-fragment=\"1\"><\/iframe><\/div>\n<\/div>\n<\/div>\n<\/div>\n<\/div>\n<\/div>\n<\/div>\n<div class=\"wpb_column vc_column_container vc_col-sm-6\">\n<div class=\"vc_column-inner\">\n<div class=\"wpb_wrapper\">\n<div class=\"wpb_video_widget wpb_content_element vc_clearfix vc_video-aspect-ratio-169 vc_video-el-width-100 vc_video-align-left\">\n<div class=\"wpb_wrapper\">\n<div class=\"wpb_video_wrapper\">\n<div class=\"fluidvids\"><iframe loading=\"lazy\" class=\"fluidvids-item\" title=\"Ballet elemental\" src=\"https:\/\/www.youtube.com\/embed\/arl3GwX8QRg?feature=oembed\" width=\"500\" height=\"281\" frameborder=\"0\" allowfullscreen=\"allowfullscreen\" data-fluidvids=\"loaded\" data-mce-fragment=\"1\"><\/iframe><\/div>\n<\/div>\n<\/div>\n<\/div>\n<\/div>\n<\/div>\n<\/div>\n<\/div>\n<div class=\"vc_empty_space\"><\/div>\n<div class=\"wpb_text_column wpb_content_element\">\n<div class=\"wpb_wrapper\">\n<p>&nbsp;<\/p>\n<p>&nbsp;<\/p>\n<p>Si est\u00e1s buscando una actividad art\u00edstica y f\u00edsica para tus hijos, \u00a1el ballet es una excelente opci\u00f3n! Nuestras clases de ballet para ni\u00f1os y ni\u00f1as, desde los 4 a\u00f1os hasta adolescentes, est\u00e1n dise\u00f1adas para ofrecer una formaci\u00f3n completa y rigurosa en ballet cl\u00e1sico, en un ambiente divertido y seguro.<\/p>\n<p>Nuestros instructores altamente capacitados y experimentados est\u00e1n comprometidos en proporcionar una formaci\u00f3n de calidad, enfocada en la t\u00e9cnica, la postura y la expresi\u00f3n art\u00edstica. Nuestras clases est\u00e1n dise\u00f1adas para adaptarse a cada nivel de habilidad, desde principiantes hasta avanzados.<\/p>\n<p>Adem\u00e1s de ser una actividad f\u00edsica y art\u00edstica, el ballet tambi\u00e9n puede ayudar a mejorar la confianza, la disciplina y la concentraci\u00f3n de tus hijos. El ballet es una forma de arte elegante y sofisticada que puede llevar a tus hijos a tener una mejor comprensi\u00f3n de la m\u00fasica, la literatura y la historia.<\/p>\n<p>En nuestra academia de baile en Legan\u00e9s, ofrecemos una variedad de clases de ballet para ni\u00f1os y ni\u00f1as de diferentes edades y niveles de habilidad. Nuestras clases son divertidas, desafiantes y emocionantes, y est\u00e1n dise\u00f1adas para ayudar a tus hijos a desarrollar sus habilidades t\u00e9cnicas y art\u00edsticas en un ambiente acogedor y seguro.<\/p>\n<h5><strong>BENEFICIOS DEL BALLET PARA LOS NI\u00d1OS:<\/strong><\/h5>\n<ol>\n<li>Mejora la postura y la flexibilidad: El ballet se enfoca en la t\u00e9cnica, la postura y la alineaci\u00f3n corporal. Los ni\u00f1os que practican ballet desde una edad temprana pueden mejorar su postura, su equilibrio y su flexibilidad, lo que puede ayudarles a evitar lesiones y mejorar su salud en general.<\/li>\n<li>Fomenta la confianza y la autoestima: El ballet puede ayudar a fomentar la confianza y la autoestima de los ni\u00f1os. A medida que los ni\u00f1os adquieren nuevas habilidades y t\u00e9cnicas, se sienten m\u00e1s seguros de s\u00ed mismos y de sus habilidades. El ballet tambi\u00e9n puede ayudar a los ni\u00f1os a desarrollar su creatividad y su capacidad para expresarse a trav\u00e9s del movimiento.<\/li>\n<li>Desarrolla habilidades sociales y emocionales: El ballet es una actividad que se realiza en grupo, lo que puede ayudar a los ni\u00f1os a desarrollar habilidades sociales y emocionales. Los ni\u00f1os pueden aprender a trabajar en equipo, a respetar a los dem\u00e1s y a valorar la importancia del esfuerzo y la perseverancia. Adem\u00e1s, el ballet puede ser una actividad emocionalmente satisfactoria para los ni\u00f1os, lo que puede ayudarles a manejar el estr\u00e9s y la ansiedad.<\/li>\n<\/ol>\n<p>\u00a1No esperes m\u00e1s para darle a tus hijos la oportunidad de explorar el hermoso mundo del ballet! Cont\u00e1ctanos hoy mismo para obtener m\u00e1s informaci\u00f3n sobre nuestras clases de ballet y horarios en nuestra academia de baile en Legan\u00e9s.<\/p>\n<\/div>\n<\/div>\n<p>[\/vc_column_text]<\/div><div class=\"mkdf-tab-container\" id=\"tab-precios-352\">[vc_column_text css=\u00bb\u00bb]<img loading=\"lazy\" decoding=\"async\" class=\"aligncenter wp-image-9041 size-large\" src=\"https:\/\/www.sandravega.es\/wp-content\/uploads\/2025\/06\/precios-kid-2025-26-724x1024.jpg\" alt=\"\" width=\"724\" height=\"1024\" srcset=\"https:\/\/www.sandravega.es\/wp-content\/uploads\/2025\/06\/precios-kid-2025-26-724x1024.jpg 724w, https:\/\/www.sandravega.es\/wp-content\/uploads\/2025\/06\/precios-kid-2025-26-212x300.jpg 212w, https:\/\/www.sandravega.es\/wp-content\/uploads\/2025\/06\/precios-kid-2025-26-768x1086.jpg 768w, https:\/\/www.sandravega.es\/wp-content\/uploads\/2025\/06\/precios-kid-2025-26-1086x1536.jpg 1086w, https:\/\/www.sandravega.es\/wp-content\/uploads\/2025\/06\/precios-kid-2025-26.jpg 1131w\" sizes=\"auto, (max-width: 724px) 100vw, 724px\" \/>[\/vc_column_text]<\/div><div class=\"mkdf-tab-container\" id=\"tab-horarios-148\">[vc_column_text css=\u00bb\u00bb]<img loading=\"lazy\" decoding=\"async\" class=\"aligncenter size-large wp-image-9040\" src=\"https:\/\/www.sandravega.es\/wp-content\/uploads\/2025\/06\/horarios-kids-2025-26-724x1024.jpg\" alt=\"\" width=\"724\" height=\"1024\" srcset=\"https:\/\/www.sandravega.es\/wp-content\/uploads\/2025\/06\/horarios-kids-2025-26-724x1024.jpg 724w, https:\/\/www.sandravega.es\/wp-content\/uploads\/2025\/06\/horarios-kids-2025-26-212x300.jpg 212w, https:\/\/www.sandravega.es\/wp-content\/uploads\/2025\/06\/horarios-kids-2025-26-768x1086.jpg 768w, https:\/\/www.sandravega.es\/wp-content\/uploads\/2025\/06\/horarios-kids-2025-26-1086x1536.jpg 1086w, https:\/\/www.sandravega.es\/wp-content\/uploads\/2025\/06\/horarios-kids-2025-26.jpg 1131w\" sizes=\"auto, (max-width: 724px) 100vw, 724px\" \/>[\/vc_column_text]<\/div><\/div>[vc_empty_space height=\u00bb50px\u00bb]<a itemprop=\"url\" href=\"https:\/\/docs.google.com\/forms\/d\/e\/1FAIpQLScRN9AADp9zK5grpsztnSRAeU0CqlR6bDXB0_Y163Jpm8XlYQ\/viewform\" target=\"_blank\"  class=\"mkdf-btn mkdf-btn-medium mkdf-btn-solid\"  >\n    <span class=\"mkdf-btn-text\">MATRICULATE<\/span>\n\t<\/a>[\/vc_column][\/vc_row][\/vc_section]<\/p>\n<\/div>","protected":false},"excerpt":{"rendered":"<p>[vc_section][vc_row][vc_column][vc_empty_space height=\u00bb50px\u00bb][\/vc_column][\/vc_row][\/vc_section][vc_section][vc_row][vc_column][vc_empty_space height=\u00bb50px\u00bb][\/vc_column][\/vc_row][\/vc_section]<\/p>\n","protected":false},"author":1,"featured_media":0,"parent":0,"menu_order":0,"comment_status":"closed","ping_status":"closed","template":"","meta":{"footnotes":""},"class_list":["post-8784","page","type-page","status-publish","hentry"],"_links":{"self":[{"href":"https:\/\/www.sandravega.es\/index.php?rest_route=\/wp\/v2\/pages\/8784","targetHints":{"allow":["GET"]}}],"collection":[{"href":"https:\/\/www.sandravega.es\/index.php?rest_route=\/wp\/v2\/pages"}],"about":[{"href":"https:\/\/www.sandravega.es\/index.php?rest_route=\/wp\/v2\/types\/page"}],"author":[{"embeddable":true,"href":"https:\/\/www.sandravega.es\/index.php?rest_route=\/wp\/v2\/users\/1"}],"replies":[{"embeddable":true,"href":"https:\/\/www.sandravega.es\/index.php?rest_route=%2Fwp%2Fv2%2Fcomments&post=8784"}],"version-history":[{"count":9,"href":"https:\/\/www.sandravega.es\/index.php?rest_route=\/wp\/v2\/pages\/8784\/revisions"}],"predecessor-version":[{"id":9129,"href":"https:\/\/www.sandravega.es\/index.php?rest_route=\/wp\/v2\/pages\/8784\/revisions\/9129"}],"wp:attachment":[{"href":"https:\/\/www.sandravega.es\/index.php?rest_route=%2Fwp%2Fv2%2Fmedia&parent=8784"}],"curies":[{"name":"wp","href":"https:\/\/api.w.org\/{rel}","templated":true}]}}