{"id":8798,"date":"2025-04-22T18:24:43","date_gmt":"2025-04-22T16:24:43","guid":{"rendered":"https:\/\/cuadratic.es\/temporal\/e_sandravega\/?page_id=8798"},"modified":"2025-06-27T15:33:31","modified_gmt":"2025-06-27T13:33:31","slug":"modern-jazz-ninos","status":"publish","type":"page","link":"https:\/\/www.sandravega.es\/?page_id=8798","title":{"rendered":"Modern Jazz ni\u00f1os"},"content":{"rendered":"<div class=\"wpb-content-wrapper\"><p>[vc_section][vc_row][vc_column]<div class=\"mkdf-section-title-holder   mkdf-st-reverse-order\" style=\"text-align: center\">\n\t<div class=\"mkdf-st-inner\">\n                                    <span class=\"mkdf-st-text\" >\n                Modern Jazz                <\/span>\n                                \t<\/div>\n<\/div>[vc_empty_space height=\u00bb50px\u00bb][\/vc_column][\/vc_row][\/vc_section][vc_section][vc_row][vc_column]<div class=\"mkdf-tabs  mkdf-tabs-standard\">\n\t<ul class=\"mkdf-tabs-nav clearfix\">\n\t\t\t\t\t<li>\n\t\t\t\t\t\t\t\t\t<a href=\"#tab-informacion\">Informaci\u00f3n<\/a>\n\t\t\t\t\t\t\t<\/li>\n\t\t\t\t\t<li>\n\t\t\t\t\t\t\t\t\t<a href=\"#tab-precios\">Precios<\/a>\n\t\t\t\t\t\t\t<\/li>\n\t\t\t\t\t<li>\n\t\t\t\t\t\t\t\t\t<a href=\"#tab-horarios\">Horarios<\/a>\n\t\t\t\t\t\t\t<\/li>\n\t\t\t<\/ul>\n\t<div class=\"mkdf-tab-container\" id=\"tab-informacion-933\">[vc_column_text css=\u00bb\u00bb]<\/p>\n<div class=\"vc_row wpb_row vc_inner vc_row-fluid\">\n<div class=\"wpb_column vc_column_container vc_col-sm-6\">\n<div class=\"vc_column-inner\">\n<div class=\"wpb_wrapper\">\n<div class=\"wpb_video_widget wpb_content_element vc_clearfix vc_video-aspect-ratio-169 vc_video-el-width-100 vc_video-align-left\">\n<div class=\"wpb_wrapper\">\n<div class=\"wpb_video_wrapper\">\n<div class=\"fluidvids\"><iframe loading=\"lazy\" class=\"fluidvids-item\" title=\"Modern Jazz Kids\" src=\"https:\/\/www.youtube.com\/embed\/0nXQrG4GzDE?feature=oembed\" width=\"500\" height=\"281\" frameborder=\"0\" allowfullscreen=\"allowfullscreen\" data-fluidvids=\"loaded\" data-mce-fragment=\"1\"><\/iframe><\/div>\n<\/div>\n<\/div>\n<\/div>\n<\/div>\n<\/div>\n<\/div>\n<\/div>\n<div class=\"vc_empty_space\"><\/div>\n<div class=\"wpb_text_column wpb_content_element\">\n<div class=\"wpb_wrapper\">\n<p>&nbsp;<\/p>\n<p>&nbsp;<\/p>\n<p>Nuestras clases de modern jazz son ideales para ni\u00f1os y ni\u00f1as que buscan aprender a bailar de una manera divertida y creativa. Adem\u00e1s, el modern jazz es un g\u00e9nero de baile muy popular en todo el mundo, por lo que tus hijos podr\u00e1n aprender un estilo de baile moderno y actual.<\/p>\n<p>En nuestra escuela de baile, contamos con profesores altamente cualificados y con experiencia en la ense\u00f1anza de este g\u00e9nero de baile a ni\u00f1os y ni\u00f1as. Nuestras clases est\u00e1n dise\u00f1adas para que los ni\u00f1os y ni\u00f1as aprendan a bailar de una manera l\u00fadica y din\u00e1mica, mientras desarrollan su creatividad y expresi\u00f3n corporal.<\/p>\n<p>En nuestra escuela de baile en Legan\u00e9s, valoramos la importancia de la disciplina y la constancia en la ense\u00f1anza del baile. Por eso, nuestras clases de modern jazz para ni\u00f1os y ni\u00f1as est\u00e1n dise\u00f1adas para fomentar la disciplina y el trabajo en equipo, mientras que los ni\u00f1os y ni\u00f1as aprenden y se divierten.<\/p>\n<h5><strong>BENEFICIOS DEL MODERN JAZZ<\/strong><\/h5>\n<ol>\n<li>Desarrollo f\u00edsico: El modern jazz es un estilo de baile que implica movimientos muy din\u00e1micos y acrob\u00e1ticos, lo que significa que los ni\u00f1os pueden desarrollar habilidades f\u00edsicas importantes como la coordinaci\u00f3n, el equilibrio y la flexibilidad. A trav\u00e9s del baile, los ni\u00f1os tambi\u00e9n pueden mejorar su fuerza muscular y resistencia cardiovascular.<\/li>\n<li>Desarrollo creativo: El modern jazz es una forma de expresi\u00f3n art\u00edstica que permite a los ni\u00f1os explorar su creatividad y desarrollar su imaginaci\u00f3n. A trav\u00e9s de la danza, los ni\u00f1os pueden aprender a comunicar emociones y sentimientos de una manera no verbal y a desarrollar su propio estilo y sentido del ritmo.<\/li>\n<li>Mejora de la autoestima: El baile es una actividad que puede aumentar la autoestima y la confianza en los ni\u00f1os. A medida que los ni\u00f1os adquieren nuevas habilidades y logran metas, pueden sentirse m\u00e1s seguros y orgullosos de s\u00ed mismos. Adem\u00e1s, el modern jazz es una forma de baile muy social, lo que puede ayudar a los ni\u00f1os a conectarse con otros ni\u00f1os y desarrollar habilidades sociales importantes.<\/li>\n<\/ol>\n<p>En resumen, nuestras clases de modern jazz para ni\u00f1os y ni\u00f1as en nuestra escuela de baile en Legan\u00e9s son una excelente opci\u00f3n para aquellos padres que buscan una actividad extraescolar divertida, creativa y saludable para sus hijos. Con profesores altamente cualificados y un enfoque personalizado, estamos seguros de que tus hijos disfrutar\u00e1n aprendiendo a bailar con nosotros. \u00a1Ven y \u00fanete a nuestra comunidad de baile!<\/p>\n<\/div>\n<\/div>\n<p>[\/vc_column_text]<\/div><div class=\"mkdf-tab-container\" id=\"tab-precios-858\">[vc_column_text css=\u00bb\u00bb]<img loading=\"lazy\" decoding=\"async\" class=\"aligncenter size-large wp-image-9041\" src=\"https:\/\/www.sandravega.es\/wp-content\/uploads\/2025\/06\/precios-kid-2025-26-724x1024.jpg\" alt=\"\" width=\"724\" height=\"1024\" srcset=\"https:\/\/www.sandravega.es\/wp-content\/uploads\/2025\/06\/precios-kid-2025-26-724x1024.jpg 724w, https:\/\/www.sandravega.es\/wp-content\/uploads\/2025\/06\/precios-kid-2025-26-212x300.jpg 212w, https:\/\/www.sandravega.es\/wp-content\/uploads\/2025\/06\/precios-kid-2025-26-768x1086.jpg 768w, https:\/\/www.sandravega.es\/wp-content\/uploads\/2025\/06\/precios-kid-2025-26-1086x1536.jpg 1086w, https:\/\/www.sandravega.es\/wp-content\/uploads\/2025\/06\/precios-kid-2025-26.jpg 1131w\" sizes=\"auto, (max-width: 724px) 100vw, 724px\" \/>[\/vc_column_text]<\/div><div class=\"mkdf-tab-container\" id=\"tab-horarios-608\">[vc_column_text css=\u00bb\u00bb]<img loading=\"lazy\" decoding=\"async\" class=\"aligncenter size-large wp-image-9040\" src=\"https:\/\/www.sandravega.es\/wp-content\/uploads\/2025\/06\/horarios-kids-2025-26-724x1024.jpg\" alt=\"\" width=\"724\" height=\"1024\" srcset=\"https:\/\/www.sandravega.es\/wp-content\/uploads\/2025\/06\/horarios-kids-2025-26-724x1024.jpg 724w, https:\/\/www.sandravega.es\/wp-content\/uploads\/2025\/06\/horarios-kids-2025-26-212x300.jpg 212w, https:\/\/www.sandravega.es\/wp-content\/uploads\/2025\/06\/horarios-kids-2025-26-768x1086.jpg 768w, https:\/\/www.sandravega.es\/wp-content\/uploads\/2025\/06\/horarios-kids-2025-26-1086x1536.jpg 1086w, https:\/\/www.sandravega.es\/wp-content\/uploads\/2025\/06\/horarios-kids-2025-26.jpg 1131w\" sizes=\"auto, (max-width: 724px) 100vw, 724px\" \/>[\/vc_column_text]<\/div><\/div>[vc_empty_space height=\u00bb50px\u00bb]<a itemprop=\"url\" href=\"https:\/\/docs.google.com\/forms\/d\/e\/1FAIpQLScRN9AADp9zK5grpsztnSRAeU0CqlR6bDXB0_Y163Jpm8XlYQ\/viewform\" target=\"_blank\"  class=\"mkdf-btn mkdf-btn-medium mkdf-btn-solid\"  >\n    <span class=\"mkdf-btn-text\">MATRICULATE<\/span>\n\t<\/a>[\/vc_column][\/vc_row][\/vc_section]<\/p>\n<\/div>","protected":false},"excerpt":{"rendered":"<p>[vc_section][vc_row][vc_column][vc_empty_space height=\u00bb50px\u00bb][\/vc_column][\/vc_row][\/vc_section][vc_section][vc_row][vc_column][vc_empty_space height=\u00bb50px\u00bb][\/vc_column][\/vc_row][\/vc_section]<\/p>\n","protected":false},"author":1,"featured_media":0,"parent":0,"menu_order":0,"comment_status":"closed","ping_status":"closed","template":"","meta":{"footnotes":""},"class_list":["post-8798","page","type-page","status-publish","hentry"],"_links":{"self":[{"href":"https:\/\/www.sandravega.es\/index.php?rest_route=\/wp\/v2\/pages\/8798","targetHints":{"allow":["GET"]}}],"collection":[{"href":"https:\/\/www.sandravega.es\/index.php?rest_route=\/wp\/v2\/pages"}],"about":[{"href":"https:\/\/www.sandravega.es\/index.php?rest_route=\/wp\/v2\/types\/page"}],"author":[{"embeddable":true,"href":"https:\/\/www.sandravega.es\/index.php?rest_route=\/wp\/v2\/users\/1"}],"replies":[{"embeddable":true,"href":"https:\/\/www.sandravega.es\/index.php?rest_route=%2Fwp%2Fv2%2Fcomments&post=8798"}],"version-history":[{"count":5,"href":"https:\/\/www.sandravega.es\/index.php?rest_route=\/wp\/v2\/pages\/8798\/revisions"}],"predecessor-version":[{"id":9132,"href":"https:\/\/www.sandravega.es\/index.php?rest_route=\/wp\/v2\/pages\/8798\/revisions\/9132"}],"wp:attachment":[{"href":"https:\/\/www.sandravega.es\/index.php?rest_route=%2Fwp%2Fv2%2Fmedia&parent=8798"}],"curies":[{"name":"wp","href":"https:\/\/api.w.org\/{rel}","templated":true}]}}