{"id":8905,"date":"2025-04-23T18:35:41","date_gmt":"2025-04-23T16:35:41","guid":{"rendered":"https:\/\/cuadratic.es\/temporal\/e_sandravega\/?page_id=8905"},"modified":"2025-04-23T18:39:09","modified_gmt":"2025-04-23T16:39:09","slug":"conocenos","status":"publish","type":"page","link":"https:\/\/www.sandravega.es\/?page_id=8905","title":{"rendered":"Con\u00f3cenos"},"content":{"rendered":"<div class=\"wpb-content-wrapper\"><p>[vc_section][vc_row][vc_column]<div class=\"mkdf-section-title-holder   mkdf-st-reverse-order\" style=\"text-align: center\">\n\t<div class=\"mkdf-st-inner\">\n                                    <span class=\"mkdf-st-text\" >\n                Con\u00f3cenos                <\/span>\n                                \t<\/div>\n<\/div>[vc_empty_space height=\u00bb30&#8243;][\/vc_column][\/vc_row][\/vc_section][vc_section][vc_row][vc_column][vc_column_text css=\u00bb\u00bb]Bienvenidos a la Academia de Baile Sandra D. Vega, situada en la localidad de Legan\u00e9s, en Madrid. Nuestra academia cuenta con un equipo de profesionales altamente cualificados y con amplia experiencia en diferentes disciplinas del baile.<\/p>\n<p>En Sandra D. Vega, apostamos por una ense\u00f1anza personalizada, adaptada a las necesidades de cada alumno, para que puedan disfrutar del baile y progresar de manera efectiva en su aprendizaje. Nuestros profesores son expertos en diferentes estilos de baile, como el ballet, la danza contempor\u00e1nea, el flamenco, la salsa y muchos m\u00e1s.<\/p>\n<p>Adem\u00e1s, en nuestra academia ofrecemos diferentes niveles de ense\u00f1anza, desde clases para principiantes hasta entrenamientos avanzados para bailarines m\u00e1s experimentados. Tambi\u00e9n organizamos talleres y eventos especiales para aquellos que buscan perfeccionar su t\u00e9cnica y conocer nuevas disciplinas.<\/p>\n<p>En Sandra D. Vega nos esforzamos por ofrecer una experiencia \u00fanica a nuestros alumnos, proporcionando un ambiente acogedor y amistoso, donde puedan desarrollar sus habilidades y pasi\u00f3n por el baile.<\/p>\n<p>Si est\u00e1s buscando una academia de baile en Legan\u00e9s, Madrid, con un equipo de profesionales excepcionales y una ense\u00f1anza personalizada, no dudes en contactarnos. \u00a1Estamos deseando bailar contigo![\/vc_column_text][vc_empty_space height=\u00bb30&#8243;][\/vc_column][\/vc_row][\/vc_section]<\/p>\n<\/div>","protected":false},"excerpt":{"rendered":"<p>[vc_section][vc_row][vc_column][vc_empty_space height=\u00bb30&#8243;][\/vc_column][\/vc_row][\/vc_section][vc_section][vc_row][vc_column][vc_column_text css=\u00bb\u00bb]Bienvenidos a la Academia de Baile Sandra D. Vega, situada en la localidad de Legan\u00e9s, en Madrid. Nuestra academia cuenta con un equipo de profesionales altamente cualificados y con amplia experiencia en diferentes disciplinas del baile. En Sandra [&hellip;]<\/p>\n","protected":false},"author":1,"featured_media":0,"parent":0,"menu_order":0,"comment_status":"closed","ping_status":"closed","template":"","meta":{"footnotes":""},"class_list":["post-8905","page","type-page","status-publish","hentry"],"_links":{"self":[{"href":"https:\/\/www.sandravega.es\/index.php?rest_route=\/wp\/v2\/pages\/8905","targetHints":{"allow":["GET"]}}],"collection":[{"href":"https:\/\/www.sandravega.es\/index.php?rest_route=\/wp\/v2\/pages"}],"about":[{"href":"https:\/\/www.sandravega.es\/index.php?rest_route=\/wp\/v2\/types\/page"}],"author":[{"embeddable":true,"href":"https:\/\/www.sandravega.es\/index.php?rest_route=\/wp\/v2\/users\/1"}],"replies":[{"embeddable":true,"href":"https:\/\/www.sandravega.es\/index.php?rest_route=%2Fwp%2Fv2%2Fcomments&post=8905"}],"version-history":[{"count":7,"href":"https:\/\/www.sandravega.es\/index.php?rest_route=\/wp\/v2\/pages\/8905\/revisions"}],"predecessor-version":[{"id":8912,"href":"https:\/\/www.sandravega.es\/index.php?rest_route=\/wp\/v2\/pages\/8905\/revisions\/8912"}],"wp:attachment":[{"href":"https:\/\/www.sandravega.es\/index.php?rest_route=%2Fwp%2Fv2%2Fmedia&parent=8905"}],"curies":[{"name":"wp","href":"https:\/\/api.w.org\/{rel}","templated":true}]}}